{"id":36,"date":"2021-04-08T14:43:34","date_gmt":"2021-04-08T12:43:34","guid":{"rendered":"http:\/\/perdahlstrom.se\/?page_id=36"},"modified":"2026-04-07T14:11:40","modified_gmt":"2026-04-07T12:11:40","slug":"om-mig","status":"publish","type":"page","link":"http:\/\/perdahlstrom.se\/?page_id=36","title":{"rendered":"Om mig"},"content":{"rendered":"\n<h1 class=\"wp-block-heading\">Lite kort om mig<\/h1>\n\n\n<div class=\"wp-block-image\">\n<figure class=\"alignright size-large is-resized\"><a href=\"https:\/\/perdahlstrom.se\/wp-content\/uploads\/2026\/04\/Per-Dahlstrom-2026-03-04.jpg\"><img loading=\"lazy\" decoding=\"async\" width=\"670\" height=\"1024\" src=\"https:\/\/perdahlstrom.se\/wp-content\/uploads\/2026\/04\/Per-Dahlstrom-2026-03-04-670x1024.jpg\" alt=\"\" class=\"wp-image-76\" style=\"width:227px;height:auto\" srcset=\"http:\/\/perdahlstrom.se\/wp-content\/uploads\/2026\/04\/Per-Dahlstrom-2026-03-04-670x1024.jpg 670w, http:\/\/perdahlstrom.se\/wp-content\/uploads\/2026\/04\/Per-Dahlstrom-2026-03-04-196x300.jpg 196w, http:\/\/perdahlstrom.se\/wp-content\/uploads\/2026\/04\/Per-Dahlstrom-2026-03-04-768x1173.jpg 768w, http:\/\/perdahlstrom.se\/wp-content\/uploads\/2026\/04\/Per-Dahlstrom-2026-03-04-1005x1536.jpg 1005w, http:\/\/perdahlstrom.se\/wp-content\/uploads\/2026\/04\/Per-Dahlstrom-2026-03-04-1340x2048.jpg 1340w, http:\/\/perdahlstrom.se\/wp-content\/uploads\/2026\/04\/Per-Dahlstrom-2026-03-04-1x1.jpg 1w, http:\/\/perdahlstrom.se\/wp-content\/uploads\/2026\/04\/Per-Dahlstrom-2026-03-04.jpg 1510w\" sizes=\"auto, (max-width: 670px) 100vw, 670px\" \/><\/a><\/figure>\n<\/div>\n\n\n<p>Som person \u00e4r jag glad, ut\u00e5triktad och social.<br>Min st\u00f6rsta styrka som person \u00e4r f\u00f6rm\u00e5gan att<br>prata teknik med m\u00e4nniskor s\u00e5 de f\u00f6rst\u00e5r;<br>jag kan anpassa mitt spr\u00e5k efter mottagare.<\/p>\n\n\n\n<p>Har jobbat med IT sedan innan det hette ADB; innan PC fanns.<\/p>\n\n\n\n<p>Just nu driver jag mitt IT-konsult-bolag utan anst\u00e4llda och har<br>de senaste \u00e5ren jobbat som konsult bland annat \u00e5t<br>&nbsp;Trafikverket, Nordic Paper och Region V\u00e4rmland.<\/p>\n\n\n\n<p><\/p>\n\n\n\n<p>Min senaste anst\u00e4llning var jag IT-chef p\u00e5 NWT Gruppen, en koncern omfattande 16 dagstidningar i regionen runt V\u00e4nern samt stort \u00f6vrigt \u00e4gande i mediabolag i Norge och p\u00e5 v\u00e4stkusten (Stampen). Dessutom \u00e4r de stora fastighets\u00e4gare och har eget distributionsbolag. NWT Gruppen \u00e4r ett familje\u00e4gt bolag som oms\u00e4tter ca 500Mkr i Sverige och har ca 700 anst\u00e4llda i koncernen. Jag slutade p\u00e5 egen beg\u00e4ran i augusti 2021 efter knappt sju \u00e5r.<\/p>\n\n\n\n<p>Innan dess var jag egenf\u00f6retagare och byggde upp Partnerdata fr\u00e5n start med en kollega till nio anst\u00e4llda. Tre \u00e5r efter starten gick vi samman med ett st\u00f6rre bolag och blev ett drygt tjugotal anst\u00e4llda. Jag var en av fyra del\u00e4gare och satt d\u00e5 i ledningsgruppen f\u00f6r f\u00f6retaget, min roll var prim\u00e4rt konsultchef med personal och ekonomiansvar.<\/p>\n\n\n\n<p>Min familj; min fru Yeo och v\u00e5ra fem vuxna barn ger jag med gl\u00e4dje s\u00e5 mycket tid jag kan. P\u00e5 fritiden spelar jag g\u00e4rna golf. Jag uppskattar ett rafflande parti kort och umg\u00e4nge med goda v\u00e4nner.<\/p>\n","protected":false},"excerpt":{"rendered":"<p>Lite kort om mig Som person \u00e4r jag glad, ut\u00e5triktad och social.Min st\u00f6rsta styrka som person \u00e4r f\u00f6rm\u00e5gan attprata teknik med m\u00e4nniskor s\u00e5 de f\u00f6rst\u00e5r;jag kan anpassa mitt spr\u00e5k efter mottagare. Har jobbat med IT sedan innan det hette ADB; innan PC fanns. Just nu driver jag mitt IT-konsult-bolag utan anst\u00e4llda och harde senaste \u00e5ren&#8230;<\/p>\n","protected":false},"author":1,"featured_media":29,"parent":0,"menu_order":0,"comment_status":"closed","ping_status":"closed","template":"","meta":{"footnotes":""},"class_list":["post-36","page","type-page","status-publish","has-post-thumbnail","hentry"],"_links":{"self":[{"href":"http:\/\/perdahlstrom.se\/index.php?rest_route=\/wp\/v2\/pages\/36","targetHints":{"allow":["GET"]}}],"collection":[{"href":"http:\/\/perdahlstrom.se\/index.php?rest_route=\/wp\/v2\/pages"}],"about":[{"href":"http:\/\/perdahlstrom.se\/index.php?rest_route=\/wp\/v2\/types\/page"}],"author":[{"embeddable":true,"href":"http:\/\/perdahlstrom.se\/index.php?rest_route=\/wp\/v2\/users\/1"}],"replies":[{"embeddable":true,"href":"http:\/\/perdahlstrom.se\/index.php?rest_route=%2Fwp%2Fv2%2Fcomments&post=36"}],"version-history":[{"count":9,"href":"http:\/\/perdahlstrom.se\/index.php?rest_route=\/wp\/v2\/pages\/36\/revisions"}],"predecessor-version":[{"id":77,"href":"http:\/\/perdahlstrom.se\/index.php?rest_route=\/wp\/v2\/pages\/36\/revisions\/77"}],"wp:featuredmedia":[{"embeddable":true,"href":"http:\/\/perdahlstrom.se\/index.php?rest_route=\/wp\/v2\/media\/29"}],"wp:attachment":[{"href":"http:\/\/perdahlstrom.se\/index.php?rest_route=%2Fwp%2Fv2%2Fmedia&parent=36"}],"curies":[{"name":"wp","href":"https:\/\/api.w.org\/{rel}","templated":true}]}}